{"id":642,"date":"2021-10-20T10:19:41","date_gmt":"2021-10-20T10:19:41","guid":{"rendered":"https:\/\/post.plus\/?page_id=642"},"modified":"2023-07-31T11:38:59","modified_gmt":"2023-07-31T11:38:59","slug":"dienste","status":"publish","type":"page","link":"https:\/\/post.plus\/de\/","title":{"rendered":"Leistungen"},"content":{"rendered":"\n<div class=\"wp-block-columns is-layout-flex wp-container-core-columns-is-layout-9d6595d7 wp-block-columns-is-layout-flex\">\n<div class=\"wp-block-column is-layout-flow wp-block-column-is-layout-flow\">\n<h3 class=\"wp-block-heading\">Wir sind entschlossen<\/h3>\n\n\n\n<p>Zollabfertigung f\u00fcr Sendungen in die EU. Wir bieten flexible, ma\u00dfgeschneiderte L\u00f6sungen.<\/p>\n<\/div>\n\n\n\n<div class=\"wp-block-column is-layout-flow wp-block-column-is-layout-flow\">\n<h3 class=\"wp-block-heading\">Wir sind schnell<\/h3>\n\n\n\n<p>Dynamic delivery solutions to Dynamische Zustelll\u00f6sungen f\u00fcr Ost-, S\u00fcd- und Nordeuropa. Beste Zustellleistung in den nordischen L\u00e4ndern: 3-4 Tage.<\/p>\n<\/div>\n\n\n\n<div class=\"wp-block-column is-layout-flow wp-block-column-is-layout-flow\">\n<h3 class=\"wp-block-heading\">Wir arbeiten zusammen<\/h3>\n\n\n\n<p>Schnelle Zustellung und g\u00fcnstige Preise. Wir liefern sowohl per Post als auch mit Hilfe verschiedener Zustelldienste.<\/p>\n<\/div>\n<\/div>\n","protected":false},"excerpt":{"rendered":"Wir sind entschlossen Zollabfertigung f\u00fcr Sendungen in die EU. Wir bieten flexible, ma\u00dfgeschneiderte L\u00f6sungen. Wir sind schnell Dynamic delivery solutions to Dynamische Zustelll\u00f6sungen f\u00fcr Ost-, S\u00fcd- und Nordeuropa. Beste Zustellleistung in den nordischen L\u00e4ndern: 3-4 Tage. Wir arbeiten zusammen Schnelle Zustellung und g\u00fcnstige Preise. Wir liefern sowohl per Post als auch mit Hilfe verschiedener Zustelldienste.","protected":false},"author":2,"featured_media":172,"parent":0,"menu_order":0,"comment_status":"closed","ping_status":"closed","template":"template-home.php","meta":{"_acf_changed":false,"inline_featured_image":false,"footnotes":""},"class_list":["post-642","page","type-page","status-publish","has-post-thumbnail","hentry"],"acf":[],"yoast_head":"<!-- This site is optimized with the Yoast SEO plugin v27.3 - https:\/\/yoast.com\/product\/yoast-seo-wordpress\/ -->\n<title>Leistungen - PostPlus<\/title>\n<meta name=\"robots\" content=\"index, follow, max-snippet:-1, max-image-preview:large, max-video-preview:-1\" \/>\n<link rel=\"canonical\" href=\"https:\/\/post.plus\/de\/\" \/>\n<meta property=\"og:locale\" content=\"de_DE\" \/>\n<meta property=\"og:type\" content=\"article\" \/>\n<meta property=\"og:title\" content=\"Leistungen - PostPlus\" \/>\n<meta property=\"og:description\" content=\"Wir sind entschlossen Zollabfertigung f\u00fcr Sendungen in die EU. Wir bieten flexible, ma\u00dfgeschneiderte L\u00f6sungen. Wir sind schnell Dynamic delivery solutions to Dynamische Zustelll\u00f6sungen f\u00fcr Ost-, S\u00fcd- und Nordeuropa. Beste Zustellleistung in den nordischen L\u00e4ndern: 3-4 Tage. Wir arbeiten zusammen Schnelle Zustellung und g\u00fcnstige Preise. Wir liefern sowohl per Post als auch mit Hilfe verschiedener Zustelldienste.\" \/>\n<meta property=\"og:url\" content=\"https:\/\/post.plus\/de\/\" \/>\n<meta property=\"og:site_name\" content=\"PostPlus\" \/>\n<meta property=\"article:modified_time\" content=\"2023-07-31T11:38:59+00:00\" \/>\n<meta property=\"og:image\" content=\"https:\/\/post.plus\/wp-content\/uploads\/2021\/09\/main_hero-1.png\" \/>\n\t<meta property=\"og:image:width\" content=\"1389\" \/>\n\t<meta property=\"og:image:height\" content=\"529\" \/>\n\t<meta property=\"og:image:type\" content=\"image\/png\" \/>\n<meta name=\"twitter:card\" content=\"summary_large_image\" \/>\n<meta name=\"twitter:label1\" content=\"Gesch\u00e4tzte Lesezeit\" \/>\n\t<meta name=\"twitter:data1\" content=\"1\u00a0Minute\" \/>\n<script type=\"application\/ld+json\" class=\"yoast-schema-graph\">{\"@context\":\"https:\\\/\\\/schema.org\",\"@graph\":[{\"@type\":\"WebPage\",\"@id\":\"https:\\\/\\\/post.plus\\\/de\\\/\",\"url\":\"https:\\\/\\\/post.plus\\\/de\\\/\",\"name\":\"Leistungen - PostPlus\",\"isPartOf\":{\"@id\":\"https:\\\/\\\/post.plus\\\/#website\"},\"primaryImageOfPage\":{\"@id\":\"https:\\\/\\\/post.plus\\\/de\\\/#primaryimage\"},\"image\":{\"@id\":\"https:\\\/\\\/post.plus\\\/de\\\/#primaryimage\"},\"thumbnailUrl\":\"https:\\\/\\\/post.plus\\\/wp-content\\\/uploads\\\/2021\\\/09\\\/main_hero-1.png\",\"datePublished\":\"2021-10-20T10:19:41+00:00\",\"dateModified\":\"2023-07-31T11:38:59+00:00\",\"breadcrumb\":{\"@id\":\"https:\\\/\\\/post.plus\\\/de\\\/#breadcrumb\"},\"inLanguage\":\"de\",\"potentialAction\":[{\"@type\":\"ReadAction\",\"target\":[\"https:\\\/\\\/post.plus\\\/de\\\/\"]}]},{\"@type\":\"ImageObject\",\"inLanguage\":\"de\",\"@id\":\"https:\\\/\\\/post.plus\\\/de\\\/#primaryimage\",\"url\":\"https:\\\/\\\/post.plus\\\/wp-content\\\/uploads\\\/2021\\\/09\\\/main_hero-1.png\",\"contentUrl\":\"https:\\\/\\\/post.plus\\\/wp-content\\\/uploads\\\/2021\\\/09\\\/main_hero-1.png\",\"width\":1389,\"height\":529},{\"@type\":\"BreadcrumbList\",\"@id\":\"https:\\\/\\\/post.plus\\\/de\\\/#breadcrumb\",\"itemListElement\":[{\"@type\":\"ListItem\",\"position\":1,\"name\":\"Home\",\"item\":\"https:\\\/\\\/post.plus\\\/de\\\/\"},{\"@type\":\"ListItem\",\"position\":2,\"name\":\"Leistungen\"}]},{\"@type\":\"WebSite\",\"@id\":\"https:\\\/\\\/post.plus\\\/#website\",\"url\":\"https:\\\/\\\/post.plus\\\/\",\"name\":\"PostPlus\",\"description\":\"We deliver\",\"publisher\":{\"@id\":\"https:\\\/\\\/post.plus\\\/#organization\"},\"potentialAction\":[{\"@type\":\"SearchAction\",\"target\":{\"@type\":\"EntryPoint\",\"urlTemplate\":\"https:\\\/\\\/post.plus\\\/?s={search_term_string}\"},\"query-input\":{\"@type\":\"PropertyValueSpecification\",\"valueRequired\":true,\"valueName\":\"search_term_string\"}}],\"inLanguage\":\"de\"},{\"@type\":\"Organization\",\"@id\":\"https:\\\/\\\/post.plus\\\/#organization\",\"name\":\"Post+ B.V\",\"url\":\"https:\\\/\\\/post.plus\\\/\",\"logo\":{\"@type\":\"ImageObject\",\"inLanguage\":\"de\",\"@id\":\"https:\\\/\\\/post.plus\\\/#\\\/schema\\\/logo\\\/image\\\/\",\"url\":\"https:\\\/\\\/post.plus\\\/wp-content\\\/uploads\\\/2024\\\/04\\\/logo@2x.png\",\"contentUrl\":\"https:\\\/\\\/post.plus\\\/wp-content\\\/uploads\\\/2024\\\/04\\\/logo@2x.png\",\"width\":314,\"height\":78,\"caption\":\"Post+ B.V\"},\"image\":{\"@id\":\"https:\\\/\\\/post.plus\\\/#\\\/schema\\\/logo\\\/image\\\/\"}}]}<\/script>\n<!-- \/ Yoast SEO plugin. -->","yoast_head_json":{"title":"Leistungen - PostPlus","robots":{"index":"index","follow":"follow","max-snippet":"max-snippet:-1","max-image-preview":"max-image-preview:large","max-video-preview":"max-video-preview:-1"},"canonical":"https:\/\/post.plus\/de\/","og_locale":"de_DE","og_type":"article","og_title":"Leistungen - PostPlus","og_description":"Wir sind entschlossen Zollabfertigung f\u00fcr Sendungen in die EU. Wir bieten flexible, ma\u00dfgeschneiderte L\u00f6sungen. Wir sind schnell Dynamic delivery solutions to Dynamische Zustelll\u00f6sungen f\u00fcr Ost-, S\u00fcd- und Nordeuropa. Beste Zustellleistung in den nordischen L\u00e4ndern: 3-4 Tage. Wir arbeiten zusammen Schnelle Zustellung und g\u00fcnstige Preise. Wir liefern sowohl per Post als auch mit Hilfe verschiedener Zustelldienste.","og_url":"https:\/\/post.plus\/de\/","og_site_name":"PostPlus","article_modified_time":"2023-07-31T11:38:59+00:00","og_image":[{"width":1389,"height":529,"url":"https:\/\/post.plus\/wp-content\/uploads\/2021\/09\/main_hero-1.png","type":"image\/png"}],"twitter_card":"summary_large_image","twitter_misc":{"Gesch\u00e4tzte Lesezeit":"1\u00a0Minute"},"schema":{"@context":"https:\/\/schema.org","@graph":[{"@type":"WebPage","@id":"https:\/\/post.plus\/de\/","url":"https:\/\/post.plus\/de\/","name":"Leistungen - PostPlus","isPartOf":{"@id":"https:\/\/post.plus\/#website"},"primaryImageOfPage":{"@id":"https:\/\/post.plus\/de\/#primaryimage"},"image":{"@id":"https:\/\/post.plus\/de\/#primaryimage"},"thumbnailUrl":"https:\/\/post.plus\/wp-content\/uploads\/2021\/09\/main_hero-1.png","datePublished":"2021-10-20T10:19:41+00:00","dateModified":"2023-07-31T11:38:59+00:00","breadcrumb":{"@id":"https:\/\/post.plus\/de\/#breadcrumb"},"inLanguage":"de","potentialAction":[{"@type":"ReadAction","target":["https:\/\/post.plus\/de\/"]}]},{"@type":"ImageObject","inLanguage":"de","@id":"https:\/\/post.plus\/de\/#primaryimage","url":"https:\/\/post.plus\/wp-content\/uploads\/2021\/09\/main_hero-1.png","contentUrl":"https:\/\/post.plus\/wp-content\/uploads\/2021\/09\/main_hero-1.png","width":1389,"height":529},{"@type":"BreadcrumbList","@id":"https:\/\/post.plus\/de\/#breadcrumb","itemListElement":[{"@type":"ListItem","position":1,"name":"Home","item":"https:\/\/post.plus\/de\/"},{"@type":"ListItem","position":2,"name":"Leistungen"}]},{"@type":"WebSite","@id":"https:\/\/post.plus\/#website","url":"https:\/\/post.plus\/","name":"PostPlus","description":"We deliver","publisher":{"@id":"https:\/\/post.plus\/#organization"},"potentialAction":[{"@type":"SearchAction","target":{"@type":"EntryPoint","urlTemplate":"https:\/\/post.plus\/?s={search_term_string}"},"query-input":{"@type":"PropertyValueSpecification","valueRequired":true,"valueName":"search_term_string"}}],"inLanguage":"de"},{"@type":"Organization","@id":"https:\/\/post.plus\/#organization","name":"Post+ B.V","url":"https:\/\/post.plus\/","logo":{"@type":"ImageObject","inLanguage":"de","@id":"https:\/\/post.plus\/#\/schema\/logo\/image\/","url":"https:\/\/post.plus\/wp-content\/uploads\/2024\/04\/logo@2x.png","contentUrl":"https:\/\/post.plus\/wp-content\/uploads\/2024\/04\/logo@2x.png","width":314,"height":78,"caption":"Post+ B.V"},"image":{"@id":"https:\/\/post.plus\/#\/schema\/logo\/image\/"}}]}},"_links":{"self":[{"href":"https:\/\/post.plus\/de\/wp-json\/wp\/v2\/pages\/642","targetHints":{"allow":["GET"]}}],"collection":[{"href":"https:\/\/post.plus\/de\/wp-json\/wp\/v2\/pages"}],"about":[{"href":"https:\/\/post.plus\/de\/wp-json\/wp\/v2\/types\/page"}],"author":[{"embeddable":true,"href":"https:\/\/post.plus\/de\/wp-json\/wp\/v2\/users\/2"}],"replies":[{"embeddable":true,"href":"https:\/\/post.plus\/de\/wp-json\/wp\/v2\/comments?post=642"}],"version-history":[{"count":13,"href":"https:\/\/post.plus\/de\/wp-json\/wp\/v2\/pages\/642\/revisions"}],"predecessor-version":[{"id":2795,"href":"https:\/\/post.plus\/de\/wp-json\/wp\/v2\/pages\/642\/revisions\/2795"}],"wp:featuredmedia":[{"embeddable":true,"href":"https:\/\/post.plus\/de\/wp-json\/wp\/v2\/media\/172"}],"wp:attachment":[{"href":"https:\/\/post.plus\/de\/wp-json\/wp\/v2\/media?parent=642"}],"curies":[{"name":"wp","href":"https:\/\/api.w.org\/{rel}","templated":true}]}}