{"id":646,"date":"2021-10-20T10:38:09","date_gmt":"2021-10-20T10:38:09","guid":{"rendered":"https:\/\/post.plus\/?page_id=646"},"modified":"2025-04-22T10:08:01","modified_gmt":"2025-04-22T10:08:01","slug":"ueber-uns","status":"publish","type":"page","link":"https:\/\/post.plus\/de\/ueber-uns\/","title":{"rendered":"Unsere Geschichte"},"content":{"rendered":"\n<p>PostPlus denkt immer in gro\u00dfen Dimensionen, um L\u00f6sungen anzubieten, die die Bed\u00fcrfnisse jedes einzelnen Kunden ber\u00fccksichtigen, und um anderen einen Schritt voraus zu sein. Wir bieten nicht nur logistische Dienstleistungen an, sondern verstehen uns als Partner, um auch die ehrgeizigsten Ziele zu erreichen. Wir gestalten die Zukunft der Logistik.<\/p>\n\n\n\n<p>Unser Slogan &#8218;We Deliver&#8216; ist von unserem Engagement f\u00fcr den Kunden inspiriert und verspricht, dass PostPlus \u00fcber den Versand hinaus immer f\u00fcr Sie da sein wird. Wir k\u00f6nnen jede Herausforderung meistern und finden immer die richtige L\u00f6sung, die auf Ihre Bed\u00fcrfnisse zugeschnitten ist.<\/p>\n","protected":false},"excerpt":{"rendered":"PostPlus denkt immer in gro\u00dfen Dimensionen, um L\u00f6sungen anzubieten, die die Bed\u00fcrfnisse jedes einzelnen Kunden ber\u00fccksichtigen, und um anderen einen Schritt voraus zu sein. Wir bieten nicht nur logistische Dienstleistungen an, sondern verstehen uns als Partner, um auch die ehrgeizigsten Ziele zu erreichen. Wir gestalten die Zukunft der Logistik. Unser Slogan &#8218;We Deliver&#8216; ist von&#8230; <a class=\"view-article\" href=\"https:\/\/post.plus\/de\/ueber-uns\/\">Artikel ansehen<\/a>","protected":false},"author":2,"featured_media":7543,"parent":0,"menu_order":0,"comment_status":"closed","ping_status":"closed","template":"template-aboutus.php","meta":{"_acf_changed":false,"inline_featured_image":false,"footnotes":""},"class_list":["post-646","page","type-page","status-publish","has-post-thumbnail","hentry"],"acf":[],"yoast_head":"<!-- This site is optimized with the Yoast SEO plugin v27.4 - https:\/\/yoast.com\/product\/yoast-seo-wordpress\/ -->\n<title>Unsere Geschichte - PostPlus<\/title>\n<meta name=\"robots\" content=\"index, follow, max-snippet:-1, max-image-preview:large, max-video-preview:-1\" \/>\n<link rel=\"canonical\" href=\"https:\/\/post.plus\/de\/ueber-uns\/\" \/>\n<meta property=\"og:locale\" content=\"de_DE\" \/>\n<meta property=\"og:type\" content=\"article\" \/>\n<meta property=\"og:title\" content=\"Unsere Geschichte - PostPlus\" \/>\n<meta property=\"og:description\" content=\"PostPlus denkt immer in gro\u00dfen Dimensionen, um L\u00f6sungen anzubieten, die die Bed\u00fcrfnisse jedes einzelnen Kunden ber\u00fccksichtigen, und um anderen einen Schritt voraus zu sein. Wir bieten nicht nur logistische Dienstleistungen an, sondern verstehen uns als Partner, um auch die ehrgeizigsten Ziele zu erreichen. Wir gestalten die Zukunft der Logistik. Unser Slogan &#8218;We Deliver&#8216; ist von... Artikel ansehen\" \/>\n<meta property=\"og:url\" content=\"https:\/\/post.plus\/de\/ueber-uns\/\" \/>\n<meta property=\"og:site_name\" content=\"PostPlus\" \/>\n<meta property=\"article:modified_time\" content=\"2025-04-22T10:08:01+00:00\" \/>\n<meta property=\"og:image\" content=\"https:\/\/post.plus\/wp-content\/uploads\/2021\/09\/about_hero-1.png\" \/>\n\t<meta property=\"og:image:width\" content=\"1389\" \/>\n\t<meta property=\"og:image:height\" content=\"529\" \/>\n\t<meta property=\"og:image:type\" content=\"image\/png\" \/>\n<meta name=\"twitter:card\" content=\"summary_large_image\" \/>\n<meta name=\"twitter:label1\" content=\"Gesch\u00e4tzte Lesezeit\" \/>\n\t<meta name=\"twitter:data1\" content=\"1\u00a0Minute\" \/>\n<script type=\"application\/ld+json\" class=\"yoast-schema-graph\">{\"@context\":\"https:\\\/\\\/schema.org\",\"@graph\":[{\"@type\":\"WebPage\",\"@id\":\"https:\\\/\\\/post.plus\\\/de\\\/ueber-uns\\\/\",\"url\":\"https:\\\/\\\/post.plus\\\/de\\\/ueber-uns\\\/\",\"name\":\"Unsere Geschichte - PostPlus\",\"isPartOf\":{\"@id\":\"https:\\\/\\\/post.plus\\\/#website\"},\"primaryImageOfPage\":{\"@id\":\"https:\\\/\\\/post.plus\\\/de\\\/ueber-uns\\\/#primaryimage\"},\"image\":{\"@id\":\"https:\\\/\\\/post.plus\\\/de\\\/ueber-uns\\\/#primaryimage\"},\"thumbnailUrl\":\"https:\\\/\\\/post.plus\\\/wp-content\\\/uploads\\\/2025\\\/04\\\/about-us.jpg\",\"datePublished\":\"2021-10-20T10:38:09+00:00\",\"dateModified\":\"2025-04-22T10:08:01+00:00\",\"breadcrumb\":{\"@id\":\"https:\\\/\\\/post.plus\\\/de\\\/ueber-uns\\\/#breadcrumb\"},\"inLanguage\":\"de\",\"potentialAction\":[{\"@type\":\"ReadAction\",\"target\":[\"https:\\\/\\\/post.plus\\\/de\\\/ueber-uns\\\/\"]}]},{\"@type\":\"ImageObject\",\"inLanguage\":\"de\",\"@id\":\"https:\\\/\\\/post.plus\\\/de\\\/ueber-uns\\\/#primaryimage\",\"url\":\"https:\\\/\\\/post.plus\\\/wp-content\\\/uploads\\\/2025\\\/04\\\/about-us.jpg\",\"contentUrl\":\"https:\\\/\\\/post.plus\\\/wp-content\\\/uploads\\\/2025\\\/04\\\/about-us.jpg\",\"width\":1389,\"height\":529},{\"@type\":\"BreadcrumbList\",\"@id\":\"https:\\\/\\\/post.plus\\\/de\\\/ueber-uns\\\/#breadcrumb\",\"itemListElement\":[{\"@type\":\"ListItem\",\"position\":1,\"name\":\"Home\",\"item\":\"https:\\\/\\\/post.plus\\\/de\\\/\"},{\"@type\":\"ListItem\",\"position\":2,\"name\":\"Unsere Geschichte\"}]},{\"@type\":\"WebSite\",\"@id\":\"https:\\\/\\\/post.plus\\\/#website\",\"url\":\"https:\\\/\\\/post.plus\\\/\",\"name\":\"PostPlus\",\"description\":\"We deliver\",\"publisher\":{\"@id\":\"https:\\\/\\\/post.plus\\\/#organization\"},\"potentialAction\":[{\"@type\":\"SearchAction\",\"target\":{\"@type\":\"EntryPoint\",\"urlTemplate\":\"https:\\\/\\\/post.plus\\\/?s={search_term_string}\"},\"query-input\":{\"@type\":\"PropertyValueSpecification\",\"valueRequired\":true,\"valueName\":\"search_term_string\"}}],\"inLanguage\":\"de\"},{\"@type\":\"Organization\",\"@id\":\"https:\\\/\\\/post.plus\\\/#organization\",\"name\":\"Post+ B.V\",\"url\":\"https:\\\/\\\/post.plus\\\/\",\"logo\":{\"@type\":\"ImageObject\",\"inLanguage\":\"de\",\"@id\":\"https:\\\/\\\/post.plus\\\/#\\\/schema\\\/logo\\\/image\\\/\",\"url\":\"https:\\\/\\\/post.plus\\\/wp-content\\\/uploads\\\/2024\\\/04\\\/logo@2x.png\",\"contentUrl\":\"https:\\\/\\\/post.plus\\\/wp-content\\\/uploads\\\/2024\\\/04\\\/logo@2x.png\",\"width\":314,\"height\":78,\"caption\":\"Post+ B.V\"},\"image\":{\"@id\":\"https:\\\/\\\/post.plus\\\/#\\\/schema\\\/logo\\\/image\\\/\"}}]}<\/script>\n<!-- \/ Yoast SEO plugin. -->","yoast_head_json":{"title":"Unsere Geschichte - PostPlus","robots":{"index":"index","follow":"follow","max-snippet":"max-snippet:-1","max-image-preview":"max-image-preview:large","max-video-preview":"max-video-preview:-1"},"canonical":"https:\/\/post.plus\/de\/ueber-uns\/","og_locale":"de_DE","og_type":"article","og_title":"Unsere Geschichte - PostPlus","og_description":"PostPlus denkt immer in gro\u00dfen Dimensionen, um L\u00f6sungen anzubieten, die die Bed\u00fcrfnisse jedes einzelnen Kunden ber\u00fccksichtigen, und um anderen einen Schritt voraus zu sein. Wir bieten nicht nur logistische Dienstleistungen an, sondern verstehen uns als Partner, um auch die ehrgeizigsten Ziele zu erreichen. Wir gestalten die Zukunft der Logistik. Unser Slogan &#8218;We Deliver&#8216; ist von... Artikel ansehen","og_url":"https:\/\/post.plus\/de\/ueber-uns\/","og_site_name":"PostPlus","article_modified_time":"2025-04-22T10:08:01+00:00","og_image":[{"width":1389,"height":529,"url":"https:\/\/post.plus\/wp-content\/uploads\/2021\/09\/about_hero-1.png","type":"image\/png"}],"twitter_card":"summary_large_image","twitter_misc":{"Gesch\u00e4tzte Lesezeit":"1\u00a0Minute"},"schema":{"@context":"https:\/\/schema.org","@graph":[{"@type":"WebPage","@id":"https:\/\/post.plus\/de\/ueber-uns\/","url":"https:\/\/post.plus\/de\/ueber-uns\/","name":"Unsere Geschichte - PostPlus","isPartOf":{"@id":"https:\/\/post.plus\/#website"},"primaryImageOfPage":{"@id":"https:\/\/post.plus\/de\/ueber-uns\/#primaryimage"},"image":{"@id":"https:\/\/post.plus\/de\/ueber-uns\/#primaryimage"},"thumbnailUrl":"https:\/\/post.plus\/wp-content\/uploads\/2025\/04\/about-us.jpg","datePublished":"2021-10-20T10:38:09+00:00","dateModified":"2025-04-22T10:08:01+00:00","breadcrumb":{"@id":"https:\/\/post.plus\/de\/ueber-uns\/#breadcrumb"},"inLanguage":"de","potentialAction":[{"@type":"ReadAction","target":["https:\/\/post.plus\/de\/ueber-uns\/"]}]},{"@type":"ImageObject","inLanguage":"de","@id":"https:\/\/post.plus\/de\/ueber-uns\/#primaryimage","url":"https:\/\/post.plus\/wp-content\/uploads\/2025\/04\/about-us.jpg","contentUrl":"https:\/\/post.plus\/wp-content\/uploads\/2025\/04\/about-us.jpg","width":1389,"height":529},{"@type":"BreadcrumbList","@id":"https:\/\/post.plus\/de\/ueber-uns\/#breadcrumb","itemListElement":[{"@type":"ListItem","position":1,"name":"Home","item":"https:\/\/post.plus\/de\/"},{"@type":"ListItem","position":2,"name":"Unsere Geschichte"}]},{"@type":"WebSite","@id":"https:\/\/post.plus\/#website","url":"https:\/\/post.plus\/","name":"PostPlus","description":"We deliver","publisher":{"@id":"https:\/\/post.plus\/#organization"},"potentialAction":[{"@type":"SearchAction","target":{"@type":"EntryPoint","urlTemplate":"https:\/\/post.plus\/?s={search_term_string}"},"query-input":{"@type":"PropertyValueSpecification","valueRequired":true,"valueName":"search_term_string"}}],"inLanguage":"de"},{"@type":"Organization","@id":"https:\/\/post.plus\/#organization","name":"Post+ B.V","url":"https:\/\/post.plus\/","logo":{"@type":"ImageObject","inLanguage":"de","@id":"https:\/\/post.plus\/#\/schema\/logo\/image\/","url":"https:\/\/post.plus\/wp-content\/uploads\/2024\/04\/logo@2x.png","contentUrl":"https:\/\/post.plus\/wp-content\/uploads\/2024\/04\/logo@2x.png","width":314,"height":78,"caption":"Post+ B.V"},"image":{"@id":"https:\/\/post.plus\/#\/schema\/logo\/image\/"}}]}},"_links":{"self":[{"href":"https:\/\/post.plus\/de\/wp-json\/wp\/v2\/pages\/646","targetHints":{"allow":["GET"]}}],"collection":[{"href":"https:\/\/post.plus\/de\/wp-json\/wp\/v2\/pages"}],"about":[{"href":"https:\/\/post.plus\/de\/wp-json\/wp\/v2\/types\/page"}],"author":[{"embeddable":true,"href":"https:\/\/post.plus\/de\/wp-json\/wp\/v2\/users\/2"}],"replies":[{"embeddable":true,"href":"https:\/\/post.plus\/de\/wp-json\/wp\/v2\/comments?post=646"}],"version-history":[{"count":15,"href":"https:\/\/post.plus\/de\/wp-json\/wp\/v2\/pages\/646\/revisions"}],"predecessor-version":[{"id":7509,"href":"https:\/\/post.plus\/de\/wp-json\/wp\/v2\/pages\/646\/revisions\/7509"}],"wp:featuredmedia":[{"embeddable":true,"href":"https:\/\/post.plus\/de\/wp-json\/wp\/v2\/media\/7543"}],"wp:attachment":[{"href":"https:\/\/post.plus\/de\/wp-json\/wp\/v2\/media?parent=646"}],"curies":[{"name":"wp","href":"https:\/\/api.w.org\/{rel}","templated":true}]}}